{"id":826,"date":"2018-06-07T14:17:10","date_gmt":"2018-06-07T14:17:10","guid":{"rendered":"https:\/\/placetagarden.com\/eventos\/"},"modified":"2018-08-16T09:41:07","modified_gmt":"2018-08-16T07:41:07","slug":"veranstaltungen","status":"publish","type":"page","link":"https:\/\/placetagarden.com\/de\/veranstaltungen\/","title":{"rendered":"VERANSTALTUNGEN"},"content":{"rendered":"<p>[et_pb_section bb_built=&#8220;1&#8243; fullwidth=&#8220;on&#8220; _builder_version=&#8220;3.0.47&#8243; next_background_color=&#8220;#000000&#8243;][et_pb_fullwidth_slider show_pagination=&#8220;off&#8220; module_class=&#8220;et_fullscreen_slider&#8220; _builder_version=&#8220;3.5.1&#8243; auto=&#8220;on&#8220; auto_speed=&#8220;6000&#8243; auto_ignore_hover=&#8220;on&#8220;][et_pb_slide use_bg_overlay=&#8220;off&#8220; use_text_overlay=&#8220;off&#8220; _builder_version=&#8220;3.5.1&#8243; background_image=&#8220;https:\/\/placetagarden.com\/wp-content\/uploads\/2018\/06\/Img_Slide_Top_1-1.jpg&#8220; button_on_hover=&#8220;on&#8220;][\/et_pb_slide][et_pb_slide use_bg_overlay=&#8220;off&#8220; use_text_overlay=&#8220;off&#8220; _builder_version=&#8220;3.5.1&#8243; background_color=&#8220;rgba(126,190,197,0)&#8220; background_image=&#8220;https:\/\/placetagarden.com\/wp-content\/uploads\/2018\/06\/Img_Slide_Top_2.jpg&#8220; button_on_hover=&#8220;on&#8220;][\/et_pb_slide][\/et_pb_fullwidth_slider][\/et_pb_section][et_pb_section bb_built=&#8220;1&#8243; _builder_version=&#8220;3.0.47&#8243; custom_padding=&#8220;70px|0px|0|0px|false|false&#8220; prev_background_color=&#8220;#000000&#8243; next_background_color=&#8220;#000000&#8243;][et_pb_row custom_padding=&#8220;40px|40px|40px|40px|false|false&#8220; custom_padding_phone=&#8220;|0px||0px&#8220; custom_margin=&#8220;|||&#8220; custom_padding_last_edited=&#8220;on|phone&#8220; _builder_version=&#8220;3.5.1&#8243; background_size=&#8220;initial&#8220; background_position=&#8220;top_left&#8220; background_repeat=&#8220;repeat&#8220; border_color_top=&#8220;#B30C0C&#8220;][et_pb_column type=&#8220;4_4&#8243;][et_pb_divider color=&#8220;#B30C0C&#8220; divider_weight=&#8220;1px&#8220; _builder_version=&#8220;3.5.1&#8243; custom_padding=&#8220;|7%||7%&#8220; \/][et_pb_text _builder_version=&#8220;3.5.1&#8243; text_font=&#8220;||||||||&#8220; text_text_color=&#8220;#B30C0C&#8220; text_font_size=&#8220;18px&#8220; text_line_height=&#8220;1.9em&#8220; header_font=&#8220;||||||||&#8220; header_text_color=&#8220;#B30C0C&#8220; text_orientation=&#8220;center&#8220;]<\/p>\n<h1>EIN GANZ BESONDERER ORT AUF MALLORCA.<\/h1>\n<p>[\/et_pb_text][et_pb_text _builder_version=&#8220;3.5.1&#8243; text_font=&#8220;||||||||&#8220; text_text_color=&#8220;#B30C0C&#8220; text_font_size=&#8220;18px&#8220; text_line_height=&#8220;1.9em&#8220; header_font=&#8220;||||||||&#8220; header_text_color=&#8220;#B30C0C&#8220; text_orientation=&#8220;center&#8220; max_width=&#8220;85%&#8220; module_alignment=&#8220;center&#8220; custom_padding=&#8220;||2%|&#8220;]<\/p>\n<p>Im Norden von Mallorca zwischen Pollen\u00e7a und Cala Sant Vicen\u00e7. Ein idealer Ort f\u00fcr Partys und Feiern. In unserem Restaurant &amp; Grill stellen wir Ihnen unsere Einrichtungen und einen umfassenden Service zur Verf\u00fcgung, damit Sie ein perfektes Erlebnis genie\u00dfen und miteinander teilen k\u00f6nnen.<\/p>\n<p>[\/et_pb_text][et_pb_divider color=&#8220;#B30C0C&#8220; divider_weight=&#8220;1px&#8220; _builder_version=&#8220;3.5.1&#8243; custom_padding=&#8220;|7%||7%&#8220; \/][\/et_pb_column][\/et_pb_row][\/et_pb_section][et_pb_section bb_built=&#8220;1&#8243; _builder_version=&#8220;3.0.47&#8243; custom_padding=&#8220;70px|0px|0|0px|false|false&#8220; prev_background_color=&#8220;#000000&#8243; next_background_color=&#8220;#000000&#8243;][et_pb_row use_custom_width=&#8220;on&#8220; custom_width_px=&#8220;1263px&#8220; custom_padding=&#8220;0|0|0|0|false|false&#8220; _builder_version=&#8220;3.5.1&#8243; background_size=&#8220;initial&#8220; background_position=&#8220;top_left&#8220; background_repeat=&#8220;repeat&#8220; border_color_top=&#8220;#B30C0C&#8220;][et_pb_column type=&#8220;4_4&#8243;][et_pb_image src=&#8220;https:\/\/placetagarden.com\/wp-content\/uploads\/2018\/06\/Img_Mesa_Jardin.png&#8220; align=&#8220;center&#8220; force_fullwidth=&#8220;on&#8220; module_class=&#8220;imageWrap&#8220; _builder_version=&#8220;3.5.1&#8243; custom_css_main_element=&#8220; position: relative;|| width: 100%;|| height: 100%;|| overflow: hidden;&#8220; \/][\/et_pb_column][\/et_pb_row][\/et_pb_section][et_pb_section bb_built=&#8220;1&#8243; _builder_version=&#8220;3.0.47&#8243; custom_padding=&#8220;70px|0px|0|0px|false|false&#8220; prev_background_color=&#8220;#000000&#8243; next_background_color=&#8220;#000000&#8243;][et_pb_row custom_padding=&#8220;40px|200px|0|200px|false|true&#8220; custom_padding_tablet=&#8220;|40px||40px&#8220; custom_padding_phone=&#8220;|0px||0px&#8220; custom_margin=&#8220;|||&#8220; custom_padding_last_edited=&#8220;on|phone&#8220; _builder_version=&#8220;3.5.1&#8243; background_size=&#8220;initial&#8220; background_position=&#8220;top_left&#8220; background_repeat=&#8220;repeat&#8220; border_color_top=&#8220;#B30C0C&#8220;][et_pb_column type=&#8220;4_4&#8243;][et_pb_text _builder_version=&#8220;3.5.1&#8243; text_font=&#8220;||||||||&#8220; text_text_color=&#8220;#B30C0C&#8220; text_font_size=&#8220;18px&#8220; text_line_height=&#8220;1.9em&#8220; header_font=&#8220;||||||||&#8220; header_text_color=&#8220;#B30C0C&#8220; text_orientation=&#8220;center&#8220;]<\/p>\n<h1>DIE FEIER<\/h1>\n<p>[\/et_pb_text][et_pb_text _builder_version=&#8220;3.5.1&#8243; text_font=&#8220;||||||||&#8220; text_text_color=&#8220;#B30C0C&#8220; text_font_size=&#8220;18px&#8220; text_line_height=&#8220;1.9em&#8220; header_font=&#8220;||||||||&#8220; header_text_color=&#8220;#B30C0C&#8220; text_orientation=&#8220;center&#8220; max_width=&#8220;85%&#8220; module_alignment=&#8220;center&#8220; custom_padding=&#8220;||2%|&#8220;]<\/p>\n<p>In Placeta Garden finden Sie die besten Optionen und M\u00f6glichkeiten f\u00fcr eine Veranstaltung, die genau Ihren Vorstellungen entspricht.<\/p>\n<p>[\/et_pb_text][\/et_pb_column][\/et_pb_row][et_pb_row custom_padding=&#8220;40px|200px|0|200px|false|true&#8220; custom_padding_tablet=&#8220;|0px||0px&#8220; custom_padding_phone=&#8220;|0px||0px&#8220; custom_margin=&#8220;|||&#8220; custom_padding_last_edited=&#8220;on|tablet&#8220; _builder_version=&#8220;3.5.1&#8243; background_size=&#8220;initial&#8220; background_position=&#8220;top_left&#8220; background_repeat=&#8220;repeat&#8220; border_color_top=&#8220;#B30C0C&#8220;][et_pb_column type=&#8220;4_4&#8243;][et_pb_divider color=&#8220;#B30C0C&#8220; divider_weight=&#8220;1px&#8220; _builder_version=&#8220;3.5.1&#8243; max_width=&#8220;1%&#8220; module_alignment=&#8220;center&#8220; custom_padding=&#8220;|7%||7%&#8220; \/][\/et_pb_column][\/et_pb_row][et_pb_row custom_padding=&#8220;0|200px|50px|200px|false|true&#8220; custom_padding_tablet=&#8220;|40px||40px&#8220; custom_padding_phone=&#8220;|0px||0px&#8220; custom_margin=&#8220;|||&#8220; custom_padding_last_edited=&#8220;on|tablet&#8220; _builder_version=&#8220;3.5.1&#8243; background_size=&#8220;initial&#8220; background_position=&#8220;top_left&#8220; background_repeat=&#8220;repeat&#8220; border_color_top=&#8220;#B30C0C&#8220;][et_pb_column type=&#8220;4_4&#8243;][et_pb_cta button_url=&#8220;#&#8220; button_text=&#8220;BESCHREIBUNG HERUNTERLADEN&#8220; _builder_version=&#8220;3.5.1&#8243; header_font=&#8220;||||||||&#8220; background_color=&#8220;rgba(255,255,255,0)&#8220; custom_button=&#8220;on&#8220; button_text_color=&#8220;#B20C0C&#8220; button_border_width=&#8220;0px&#8220; button_font=&#8220;||||||||&#8220; button_use_icon=&#8220;off&#8220; button_alignment=&#8220;center&#8220;]<\/p>\n<p><img loading=\"lazy\" decoding=\"async\" class=\"wp-image-34 alignnone size-full\" src=\"https:\/\/placetagarden.com\/wp-content\/uploads\/2018\/06\/pdf.svg\" alt=\"\" width=\"90\" height=\"64\" \/><\/p>\n<p>[\/et_pb_cta][\/et_pb_column][\/et_pb_row][\/et_pb_section][et_pb_section bb_built=&#8220;1&#8243; _builder_version=&#8220;3.5.1&#8243; custom_padding=&#8220;0|0|0|0px|false|false&#8220; saved_tabs=&#8220;all&#8220; prev_background_color=&#8220;#000000&#8243; global_module=&#8220;1056&#8243;][et_pb_row global_parent=&#8220;1056&#8243; make_fullwidth=&#8220;on&#8220; use_custom_gutter=&#8220;on&#8220; gutter_width=&#8220;1&#8243; custom_padding=&#8220;40px||40px||false|true&#8220; custom_padding_tablet=&#8220;|0px||0px&#8220; custom_padding_phone=&#8220;60px|0px|60px|0px&#8220; custom_margin=&#8220;|||&#8220; custom_padding_last_edited=&#8220;on|phone&#8220; module_id=&#8220;contacto&#8220; _builder_version=&#8220;3.5.1&#8243; background_color=&#8220;#b50e0c&#8220; background_size=&#8220;initial&#8220; background_position=&#8220;top_left&#8220; background_repeat=&#8220;repeat&#8220; border_color_top=&#8220;#B30C0C&#8220;][et_pb_column type=&#8220;4_4&#8243;][et_pb_text global_parent=&#8220;1056&#8243; _builder_version=&#8220;3.5.1&#8243; text_font=&#8220;||||||||&#8220; text_text_color=&#8220;#B30C0C&#8220; text_font_size=&#8220;18px&#8220; text_line_height=&#8220;1.9em&#8220; header_font=&#8220;||||||||&#8220; header_text_color=&#8220;#ffffff&#8220; header_2_font=&#8220;||||||||&#8220; header_2_text_color=&#8220;#ffffff&#8220; header_2_font_size=&#8220;40px&#8220; text_orientation=&#8220;center&#8220;]<\/p>\n<h2>Besuchen Sie uns?<\/h2>\n<p>[\/et_pb_text][\/et_pb_column][\/et_pb_row][et_pb_row global_parent=&#8220;1056&#8243; make_fullwidth=&#8220;on&#8220; use_custom_gutter=&#8220;on&#8220; gutter_width=&#8220;4&#8243; custom_padding=&#8220;150px|0|150px|0|true|true&#8220; custom_margin=&#8220;|||&#8220; _builder_version=&#8220;3.5.1&#8243; background_size=&#8220;initial&#8220; background_position=&#8220;top_left&#8220; background_repeat=&#8220;repeat&#8220; border_color_top=&#8220;#B30C0C&#8220;][et_pb_column type=&#8220;1_3&#8243;][et_pb_text global_parent=&#8220;1056&#8243; _builder_version=&#8220;3.5.1&#8243; text_font=&#8220;||||||||&#8220; text_text_color=&#8220;#B30C0C&#8220; text_font_size=&#8220;18px&#8220; text_line_height=&#8220;1.9em&#8220; header_font=&#8220;||||||||&#8220; header_text_color=&#8220;#B30C0C&#8220; header_2_font=&#8220;||||||||&#8220; header_2_text_align=&#8220;right&#8220; header_2_text_color=&#8220;#B50E0C&#8220; text_orientation=&#8220;center&#8220;]<\/p>\n<h1>Reservieren Sie Ihren Tisch:<\/h1>\n<p>[\/et_pb_text][\/et_pb_column][et_pb_column type=&#8220;2_3&#8243;][et_pb_contact_form global_parent=&#8220;1056&#8243; captcha=&#8220;off&#8220; submit_button_text=&#8220;Reserva ahora&#8220; form_background_color=&#8220;rgba(0,0,0,0)&#8220; disabled_on=&#8220;on|off|off&#8220; module_id=&#8220;et_pb_contact_form_0&#8243; _builder_version=&#8220;3.5.1&#8243; title_font=&#8220;||||||||&#8220; form_field_font=&#8220;||||||||&#8220; form_field_text_color=&#8220;#B30C0C&#8220; form_field_font_size=&#8220;17px&#8220; border_width_all=&#8220;1px&#8220; border_color_all=&#8220;#B30C0C&#8220; custom_button=&#8220;on&#8220; button_text_color=&#8220;#ffffff&#8220; button_bg_color=&#8220;#B30C0C&#8220; button_font=&#8220;||||||||&#8220; custom_padding=&#8220;|||&#8220;][et_pb_contact_field field_id=&#8220;Dia&#8220; field_title=&#8220;An welchem Tag? &#8220; _builder_version=&#8220;3.5.1&#8243; border_radii=&#8220;on||||&#8220;][\/et_pb_contact_field][et_pb_contact_field field_id=&#8220;Nombre&#8220; field_title=&#8220;Ihr Name&#8220; _builder_version=&#8220;3.5.1&#8243; border_radii=&#8220;on||||&#8220;][\/et_pb_contact_field][et_pb_contact_field field_id=&#8220;Hora&#8220; field_title=&#8220;Um wieviel Uhr? &#8220; _builder_version=&#8220;3.5.1&#8243; border_radii=&#8220;on||||&#8220;][\/et_pb_contact_field][et_pb_contact_field field_id=&#8220;Email&#8220; field_title=&#8220;Ihre E-Mail-Adresse&#8220; _builder_version=&#8220;3.5.1&#8243; border_radii=&#8220;on||||&#8220;][\/et_pb_contact_field][et_pb_contact_field field_id=&#8220;Personas&#8220; field_title=&#8220;Wie viele Personen?&#8220; _builder_version=&#8220;3.5.1&#8243; border_radii=&#8220;on||||&#8220;][\/et_pb_contact_field][et_pb_contact_field field_id=&#8220;Telefono&#8220; field_title=&#8220;Ihre Telefonnummer&#8220; _builder_version=&#8220;3.5.1&#8243; form_field_font=&#8220;||||||||&#8220; border_radii=&#8220;on||||&#8220;][\/et_pb_contact_field][\/et_pb_contact_form][et_pb_contact_form global_parent=&#8220;1056&#8243; captcha=&#8220;off&#8220; submit_button_text=&#8220;Reserva ahora&#8220; form_background_color=&#8220;rgba(0,0,0,0)&#8220; disabled_on=&#8220;off|on|on&#8220; module_id=&#8220;et_pb_contact_form_0&#8243; _builder_version=&#8220;3.5.1&#8243; title_font=&#8220;||||||||&#8220; form_field_font=&#8220;||||||||&#8220; form_field_text_color=&#8220;#B30C0C&#8220; form_field_font_size=&#8220;17px&#8220; border_width_all=&#8220;1px&#8220; border_color_all=&#8220;#B30C0C&#8220; custom_button=&#8220;on&#8220; button_text_color=&#8220;#ffffff&#8220; button_bg_color=&#8220;#B30C0C&#8220; button_font=&#8220;||||||||&#8220; custom_padding=&#8220;|||&#8220;][et_pb_contact_field field_id=&#8220;Dia&#8220; field_title=&#8220;\u00bfQ\u00fae d\u00eda?&#8220; _builder_version=&#8220;3.5.1&#8243; border_radii=&#8220;on||||&#8220;][\/et_pb_contact_field][et_pb_contact_field field_id=&#8220;Hora&#8220; field_title=&#8220;\u00bfA qu\u00e9 hora?&#8220; _builder_version=&#8220;3.5.1&#8243; border_radii=&#8220;on||||&#8220;][\/et_pb_contact_field][et_pb_contact_field field_id=&#8220;Personas&#8220; field_title=&#8220;\u00bfN\u00ba Personas?&#8220; _builder_version=&#8220;3.5.1&#8243; border_radii=&#8220;on||||&#8220;][\/et_pb_contact_field][et_pb_contact_field field_id=&#8220;Nombre&#8220; field_title=&#8220;Tu nombre&#8220; _builder_version=&#8220;3.5.1&#8243; border_radii=&#8220;on||||&#8220;][\/et_pb_contact_field][et_pb_contact_field field_id=&#8220;Email&#8220; field_title=&#8220;Tu email&#8220; _builder_version=&#8220;3.5.1&#8243; border_radii=&#8220;on||||&#8220;][\/et_pb_contact_field][et_pb_contact_field field_id=&#8220;Telefono&#8220; field_title=&#8220;Tu tel\u00e9fono&#8220; _builder_version=&#8220;3.5.1&#8243; form_field_font=&#8220;||||||||&#8220; border_radii=&#8220;on||||&#8220;][\/et_pb_contact_field][\/et_pb_contact_form][\/et_pb_column][\/et_pb_row][et_pb_row global_parent=&#8220;1056&#8243; make_fullwidth=&#8220;on&#8220; use_custom_gutter=&#8220;on&#8220; gutter_width=&#8220;1&#8243; custom_padding=&#8220;40px|200px|40px|200px|true|true&#8220; custom_padding_tablet=&#8220;|0px||0px&#8220; custom_padding_phone=&#8220;|20px||20px&#8220; custom_margin=&#8220;|||&#8220; custom_padding_last_edited=&#8220;on|phone&#8220; disabled_on=&#8220;on|off|off&#8220; _builder_version=&#8220;3.5.1&#8243; background_color=&#8220;#b50e0c&#8220; background_size=&#8220;initial&#8220; background_position=&#8220;top_left&#8220; background_repeat=&#8220;repeat&#8220; border_color_top=&#8220;#B30C0C&#8220;][et_pb_column type=&#8220;4_4&#8243;][et_pb_text global_parent=&#8220;1056&#8243; _builder_version=&#8220;3.5.1&#8243; text_font=&#8220;||||||||&#8220; text_text_color=&#8220;#ffffff&#8220; text_font_size=&#8220;27px&#8220; text_line_height=&#8220;1.9em&#8220; header_font=&#8220;||||||||&#8220; header_text_color=&#8220;#ffffff&#8220; header_2_font=&#8220;||||||||&#8220; header_2_text_color=&#8220;#ffffff&#8220; header_2_font_size=&#8220;40px&#8220; text_orientation=&#8220;center&#8220;]<\/p>\n<h2>ZEITPLAN<\/h2>\n<p>Restaurant: 12:30 &#8211; 22:00 h<br \/>\nSnacks: 12:30 &#8211; 17:30 h<\/p>\n<p>[\/et_pb_text][\/et_pb_column][\/et_pb_row][et_pb_row global_parent=&#8220;1056&#8243; make_fullwidth=&#8220;on&#8220; use_custom_gutter=&#8220;on&#8220; gutter_width=&#8220;1&#8243; custom_padding=&#8220;40px|200px|40px|200px|true|true&#8220; custom_padding_tablet=&#8220;|0px||0px&#8220; custom_padding_phone=&#8220;90px|20px|90px|20px|false|false&#8220; custom_margin=&#8220;|||&#8220; custom_padding_last_edited=&#8220;on|phone&#8220; disabled_on=&#8220;off|on|on&#8220; _builder_version=&#8220;3.5.1&#8243; background_color=&#8220;#b50e0c&#8220; background_size=&#8220;initial&#8220; background_position=&#8220;top_left&#8220; background_repeat=&#8220;repeat&#8220; border_color_top=&#8220;#B30C0C&#8220;][et_pb_column type=&#8220;4_4&#8243;][et_pb_text global_parent=&#8220;1056&#8243; _builder_version=&#8220;3.5.1&#8243; text_font=&#8220;||||||||&#8220; text_text_color=&#8220;#ffffff&#8220; text_font_size=&#8220;27px&#8220; text_line_height=&#8220;1.9em&#8220; header_font=&#8220;||||||||&#8220; header_text_color=&#8220;#ffffff&#8220; header_2_font=&#8220;||||||||&#8220; header_2_text_color=&#8220;#ffffff&#8220; header_2_font_size=&#8220;40px&#8220; text_orientation=&#8220;center&#8220; custom_padding=&#8220;|||&#8220;]<\/p>\n<h2>HORARIO<\/h2>\n<p>Restaurant:<br \/>\n12:30 &#8211; 22:00 h<\/p>\n<p>Snacks:<br \/>\n12:30 &#8211; 17:30 h<\/p>\n<p>[\/et_pb_text][\/et_pb_column][\/et_pb_row][et_pb_row global_parent=&#8220;1056&#8243; custom_padding=&#8220;130px|40px|0|40px|false|false&#8220; custom_padding_phone=&#8220;|0px||0px&#8220; custom_margin=&#8220;|||&#8220; custom_padding_last_edited=&#8220;on|phone&#8220; module_id=&#8220;location&#8220; _builder_version=&#8220;3.5.1&#8243; background_size=&#8220;initial&#8220; background_position=&#8220;top_left&#8220; background_repeat=&#8220;repeat&#8220; border_color_top=&#8220;#B30C0C&#8220;][et_pb_column type=&#8220;4_4&#8243;][et_pb_text global_parent=&#8220;1056&#8243; _builder_version=&#8220;3.5.1&#8243; text_font=&#8220;||||||||&#8220; text_text_color=&#8220;#B30C0C&#8220; text_font_size=&#8220;18px&#8220; text_line_height=&#8220;1.9em&#8220; header_font=&#8220;||||||||&#8220; header_text_color=&#8220;#B30C0C&#8220; header_2_font=&#8220;||||||||&#8220; header_2_text_color=&#8220;#B30C0C&#8220; header_2_font_size=&#8220;37px&#8220; text_orientation=&#8220;center&#8220;]<\/p>\n<h2>HIER FINDEN SIE UNS<\/h2>\n<p>[\/et_pb_text][et_pb_text global_parent=&#8220;1056&#8243; _builder_version=&#8220;3.5.1&#8243; text_font=&#8220;||||||||&#8220; text_text_color=&#8220;#B30C0C&#8220; text_font_size=&#8220;18px&#8220; text_line_height=&#8220;1.9em&#8220; header_font=&#8220;||||||||&#8220; header_text_color=&#8220;#B30C0C&#8220; header_3_font=&#8220;||||||||&#8220; header_3_text_color=&#8220;#B20C0C&#8220; header_3_font_size=&#8220;30px&#8220; text_orientation=&#8220;center&#8220; max_width=&#8220;85%&#8220; module_alignment=&#8220;center&#8220; custom_padding=&#8220;||2%|&#8220;]<\/p>\n<p>Ctra. Palma a Puerto Pollen\u00e7a 07460<br \/>\nPollen\u00e7a &#8211; Mallorca<\/p>\n<p>[\/et_pb_text][\/et_pb_column][\/et_pb_row][et_pb_row global_parent=&#8220;1056&#8243; custom_padding=&#8220;0|40px|41px|40px|false|false&#8220; custom_padding_phone=&#8220;|0px||0px&#8220; custom_margin=&#8220;|||&#8220; custom_padding_last_edited=&#8220;on|phone&#8220; _builder_version=&#8220;3.5.1&#8243; background_size=&#8220;initial&#8220; background_position=&#8220;top_left&#8220; background_repeat=&#8220;repeat&#8220; border_color_top=&#8220;#B30C0C&#8220;][et_pb_column type=&#8220;4_4&#8243;][et_pb_text global_parent=&#8220;1056&#8243; disabled_on=&#8220;on|on|off&#8220; _builder_version=&#8220;3.5.1&#8243; text_font=&#8220;||||||||&#8220; text_text_color=&#8220;#B30C0C&#8220; text_font_size=&#8220;18px&#8220; text_line_height=&#8220;1.9em&#8220; header_font=&#8220;||||||||&#8220; header_text_color=&#8220;#B30C0C&#8220; header_3_font=&#8220;||||||||&#8220; header_3_text_color=&#8220;#B20C0C&#8220; header_3_font_size=&#8220;30px&#8220; text_orientation=&#8220;center&#8220; max_width=&#8220;85%&#8220; module_alignment=&#8220;center&#8220; custom_padding=&#8220;||2%|&#8220;]<\/p>\n<h3>t. 971 53 11 94 &#8211; 680 198 564<\/h3>\n<p>[\/et_pb_text][et_pb_text global_parent=&#8220;1056&#8243; disabled_on=&#8220;off|on|on&#8220; _builder_version=&#8220;3.5.1&#8243; text_font=&#8220;||||||||&#8220; text_text_color=&#8220;#B30C0C&#8220; text_font_size=&#8220;18px&#8220; text_line_height=&#8220;1.9em&#8220; header_font=&#8220;||||||||&#8220; header_text_color=&#8220;#B30C0C&#8220; header_3_font=&#8220;||||||||&#8220; header_3_text_color=&#8220;#B20C0C&#8220; header_3_font_size=&#8220;30px&#8220; text_orientation=&#8220;center&#8220; max_width=&#8220;85%&#8220; module_alignment=&#8220;center&#8220; custom_padding=&#8220;||2%|&#8220;]<\/p>\n<h3>971 53 11 94<\/h3>\n<h3>680 198 564<\/h3>\n<p>[\/et_pb_text][\/et_pb_column][\/et_pb_row][et_pb_row global_parent=&#8220;1056&#8243; use_custom_width=&#8220;on&#8220; custom_width_px=&#8220;1263px&#8220; custom_padding=&#8220;0|0px|130px|0px|false|true&#8220; _builder_version=&#8220;3.5.1&#8243; background_size=&#8220;initial&#8220; background_position=&#8220;top_left&#8220; background_repeat=&#8220;repeat&#8220; border_color_top=&#8220;#B30C0C&#8220;][et_pb_column type=&#8220;4_4&#8243;][et_pb_map global_parent=&#8220;1056&#8243; address=&#8220;Ctra. Palma a Puerto Pollen\u00e7a, 198, 07470 Pollen\u00e7a, Illes Balears, Espa\u00f1a&#8220; address_lat=&#8220;39.89503093207743&#8243; address_lng=&#8220;3.0356607882089293&#8243; mouse_wheel=&#8220;off&#8220; _builder_version=&#8220;3.5.1&#8243; custom_margin=&#8220;|||&#8220; custom_padding=&#8220;|||&#8220; custom_css_main_element=&#8220;height: 70% !important;&#8220; zoom_level=&#8220;14&#8243;][et_pb_map_pin title=&#8220;PLACETA GARDEN&#8220; pin_address=&#8220;Ctra. Palma a Puerto Pollen\u00e7a, 198, 07470 Pollen\u00e7a, Illes Balears, Espa\u00f1a&#8220; pin_address_lat=&#8220;39.893157068086445&#8243; pin_address_lng=&#8220;3.0363693710201005&#8243; _builder_version=&#8220;3.5.1&#8243; zoom_level=&#8220;18&#8243;]<\/p>\n<p>Ctra. Palma a Puerto Pollen\u00e7a<br \/>\n07460 Pollen\u00e7a &#8211; Mallorca<br \/>\nt. 971 53 11 94 &#8211; 680 198 564<\/p>\n<p>[\/et_pb_map_pin][\/et_pb_map][\/et_pb_column][\/et_pb_row][\/et_pb_section]<\/p>\n","protected":false},"excerpt":{"rendered":"<p>EIN GANZ BESONDERER ORT AUF MALLORCA. Im Norden von Mallorca zwischen Pollen\u00e7a und Cala Sant Vicen\u00e7. Ein idealer Ort f\u00fcr Partys und Feiern. In unserem Restaurant &amp; Grill stellen wir Ihnen unsere Einrichtungen und einen umfassenden Service zur Verf\u00fcgung, damit Sie ein perfektes Erlebnis genie\u00dfen und miteinander teilen k\u00f6nnen. DIE FEIER In Placeta Garden finden [&hellip;]<\/p>\n","protected":false},"author":1,"featured_media":0,"parent":0,"menu_order":0,"comment_status":"closed","ping_status":"closed","template":"","meta":{"_et_pb_use_builder":"on","_et_pb_old_content":"","_et_gb_content_width":"","inline_featured_image":false,"footnotes":""},"class_list":["post-826","page","type-page","status-publish","hentry"],"_links":{"self":[{"href":"https:\/\/placetagarden.com\/de\/wp-json\/wp\/v2\/pages\/826","targetHints":{"allow":["GET"]}}],"collection":[{"href":"https:\/\/placetagarden.com\/de\/wp-json\/wp\/v2\/pages"}],"about":[{"href":"https:\/\/placetagarden.com\/de\/wp-json\/wp\/v2\/types\/page"}],"author":[{"embeddable":true,"href":"https:\/\/placetagarden.com\/de\/wp-json\/wp\/v2\/users\/1"}],"replies":[{"embeddable":true,"href":"https:\/\/placetagarden.com\/de\/wp-json\/wp\/v2\/comments?post=826"}],"version-history":[{"count":9,"href":"https:\/\/placetagarden.com\/de\/wp-json\/wp\/v2\/pages\/826\/revisions"}],"predecessor-version":[{"id":1061,"href":"https:\/\/placetagarden.com\/de\/wp-json\/wp\/v2\/pages\/826\/revisions\/1061"}],"wp:attachment":[{"href":"https:\/\/placetagarden.com\/de\/wp-json\/wp\/v2\/media?parent=826"}],"curies":[{"name":"wp","href":"https:\/\/api.w.org\/{rel}","templated":true}]}}