{"id":818,"date":"2018-06-07T12:21:18","date_gmt":"2018-06-07T12:21:18","guid":{"rendered":"https:\/\/placetagarden.com\/expo-vintage-2\/"},"modified":"2018-08-16T11:45:24","modified_gmt":"2018-08-16T09:45:24","slug":"vintage-display","status":"publish","type":"page","link":"https:\/\/placetagarden.com\/en\/vintage-display\/","title":{"rendered":"VINTAGE DISPLAY"},"content":{"rendered":"<p>[et_pb_section fb_built=&#8221;1&#8243; fullwidth=&#8221;on&#8221; _builder_version=&#8221;3.0.47&#8243;][et_pb_fullwidth_slider show_pagination=&#8221;off&#8221; module_class=&#8221;et_fullscreen_slider&#8221; _builder_version=&#8221;3.5.1&#8243; auto=&#8221;on&#8221; auto_speed=&#8221;6000&#8243; auto_ignore_hover=&#8221;on&#8221;][et_pb_slide use_bg_overlay=&#8221;off&#8221; use_text_overlay=&#8221;off&#8221; _builder_version=&#8221;3.5.1&#8243; background_image=&#8221;https:\/\/placetagarden.com\/wp-content\/uploads\/2018\/06\/Img_Eventos_Top_1.jpg&#8221; button_on_hover=&#8221;on&#8221;][\/et_pb_slide][et_pb_slide use_bg_overlay=&#8221;off&#8221; use_text_overlay=&#8221;off&#8221; _builder_version=&#8221;3.5.1&#8243; background_color=&#8221;rgba(126,190,197,0)&#8221; background_image=&#8221;https:\/\/placetagarden.com\/wp-content\/uploads\/2018\/06\/Img_EventosTop_2.jpg&#8221; button_on_hover=&#8221;on&#8221;][\/et_pb_slide][\/et_pb_fullwidth_slider][\/et_pb_section][et_pb_section fb_built=&#8221;1&#8243; _builder_version=&#8221;3.0.47&#8243; custom_padding=&#8221;70px|0px|0|0px|false|false&#8221;][et_pb_row custom_padding=&#8221;40px|40px|40px|40px|false|false&#8221; custom_padding_phone=&#8221;|0px||0px&#8221; custom_margin=&#8221;|||&#8221; custom_padding_last_edited=&#8221;on|phone&#8221; _builder_version=&#8221;3.5.1&#8243; background_size=&#8221;initial&#8221; background_position=&#8221;top_left&#8221; background_repeat=&#8221;repeat&#8221; border_color_top=&#8221;#B30C0C&#8221;][et_pb_column type=&#8221;4_4&#8243; _builder_version=&#8221;3.0.47&#8243; parallax=&#8221;off&#8221; parallax_method=&#8221;on&#8221;][et_pb_divider color=&#8221;#B30C0C&#8221; _builder_version=&#8221;3.5.1&#8243; custom_padding=&#8221;|7%||7%&#8221;][\/et_pb_divider][et_pb_text _builder_version=&#8221;3.5.1&#8243; text_text_color=&#8221;#b30c0c&#8221; text_font_size=&#8221;18px&#8221; text_line_height=&#8221;1.9em&#8221; header_text_color=&#8221;#b30c0c&#8221; text_orientation=&#8221;center&#8221;]<\/p>\n<h1>UNA EXPOSICI\u00d3N \u00daNICA.<\/h1>\n<p>[\/et_pb_text][et_pb_text _builder_version=&#8221;3.5.1&#8243; text_text_color=&#8221;#b30c0c&#8221; text_font_size=&#8221;18px&#8221; text_line_height=&#8221;1.9em&#8221; header_text_color=&#8221;#b30c0c&#8221; text_orientation=&#8221;center&#8221; max_width=&#8221;85%&#8221; module_alignment=&#8221;center&#8221; custom_padding=&#8221;||2%|&#8221;]<\/p>\n<p>Una interesante colecci\u00f3n de carruajes antiguos. Una magn\u00edfica<br \/>\noportunidad para admirar unas piezas \u00fanicas de un fabuloso valor art\u00edstico e hist\u00f3rico.<\/p>\n<p>[\/et_pb_text][et_pb_divider color=&#8221;#B30C0C&#8221; _builder_version=&#8221;3.5.1&#8243; custom_padding=&#8221;|7%||7%&#8221;][\/et_pb_divider][\/et_pb_column][\/et_pb_row][\/et_pb_section][et_pb_section fb_built=&#8221;1&#8243; _builder_version=&#8221;3.0.47&#8243; custom_padding=&#8221;70px|0px|0|0px|false|false&#8221;][et_pb_row use_custom_width=&#8221;on&#8221; custom_width_px=&#8221;1263px&#8221; custom_padding=&#8221;0|0|0|0|false|false&#8221; _builder_version=&#8221;3.5.1&#8243; background_size=&#8221;initial&#8221; background_position=&#8221;top_left&#8221; background_repeat=&#8221;repeat&#8221; border_color_top=&#8221;#B30C0C&#8221;][et_pb_column type=&#8221;4_4&#8243; _builder_version=&#8221;3.0.47&#8243; parallax=&#8221;off&#8221; parallax_method=&#8221;on&#8221;][et_pb_image src=&#8221;https:\/\/placetagarden.com\/wp-content\/uploads\/2018\/06\/Img_Eventos_1.jpg&#8221; align=&#8221;center&#8221; force_fullwidth=&#8221;on&#8221; module_class=&#8221;imageWrap&#8221; _builder_version=&#8221;3.5.1&#8243; custom_css_main_element=&#8221;position: relative;|| width: 100%;|| height: 100%;|| overflow: hidden;&#8221;][\/et_pb_image][\/et_pb_column][\/et_pb_row][\/et_pb_section][et_pb_section fb_built=&#8221;1&#8243; _builder_version=&#8221;3.0.47&#8243; custom_padding=&#8221;70px|0px|100px|0px|false|false&#8221;][et_pb_row custom_padding=&#8221;40px|200px|0|200px|false|true&#8221; custom_padding_tablet=&#8221;|40px||40px&#8221; custom_padding_phone=&#8221;|0px||0px&#8221; custom_margin=&#8221;|||&#8221; custom_padding_last_edited=&#8221;on|tablet&#8221; _builder_version=&#8221;3.5.1&#8243; background_size=&#8221;initial&#8221; background_position=&#8221;top_left&#8221; background_repeat=&#8221;repeat&#8221; border_color_top=&#8221;#B30C0C&#8221;][et_pb_column type=&#8221;4_4&#8243; _builder_version=&#8221;3.0.47&#8243; parallax=&#8221;off&#8221; parallax_method=&#8221;on&#8221;][et_pb_text _builder_version=&#8221;3.5.1&#8243; text_text_color=&#8221;#b30c0c&#8221; text_font_size=&#8221;18px&#8221; text_line_height=&#8221;1.9em&#8221; header_text_color=&#8221;#b30c0c&#8221; text_orientation=&#8221;center&#8221;]<\/p>\n<h1>TENEMOS HISTORIA<\/h1>\n<p>[\/et_pb_text][et_pb_text _builder_version=&#8221;3.5.1&#8243; text_text_color=&#8221;#b30c0c&#8221; text_font_size=&#8221;18px&#8221; text_line_height=&#8221;1.9em&#8221; header_text_color=&#8221;#b30c0c&#8221; text_orientation=&#8221;center&#8221; max_width=&#8221;85%&#8221; module_alignment=&#8221;center&#8221; custom_padding=&#8221;||2%|&#8221;]<\/p>\n<p>Un recorrido de \u00e9poca para descubrir c\u00f3mo era el transporte antiguamente en Mallorca, mediante diferentes carruajes magn\u00edficamente conservados y restaurados.\n<\/p>\n<p>[\/et_pb_text][\/et_pb_column][\/et_pb_row][et_pb_row custom_padding=&#8221;40px||0||false|true&#8221; custom_margin=&#8221;|||&#8221; _builder_version=&#8221;3.5.1&#8243; background_size=&#8221;initial&#8221; background_position=&#8221;top_left&#8221; background_repeat=&#8221;repeat&#8221; border_color_top=&#8221;#B30C0C&#8221; custom_padding_last_edited=&#8221;on|phone&#8221;][et_pb_column type=&#8221;4_4&#8243; _builder_version=&#8221;3.0.47&#8243; parallax=&#8221;off&#8221; parallax_method=&#8221;on&#8221;][et_pb_divider color=&#8221;#B30C0C&#8221; _builder_version=&#8221;3.5.1&#8243; max_width=&#8221;0%&#8221; module_alignment=&#8221;center&#8221; custom_padding=&#8221;|7%||7%&#8221; max_width_last_edited=&#8221;on|phone&#8221;][\/et_pb_divider][\/et_pb_column][\/et_pb_row][\/et_pb_section][et_pb_section fb_built=&#8221;1&#8243; _builder_version=&#8221;3.5.1&#8243; custom_padding=&#8221;0|0px|0|0px|false|false&#8221; global_module=&#8221;309&#8243; saved_tabs=&#8221;all&#8221;][et_pb_row make_fullwidth=&#8221;on&#8221; use_custom_gutter=&#8221;on&#8221; gutter_width=&#8221;1&#8243; custom_padding=&#8221;40px||40px||false|true&#8221; custom_padding_tablet=&#8221;|0px||0px&#8221; custom_padding_phone=&#8221;60px|0px|60px|0px&#8221; custom_margin=&#8221;|||&#8221; custom_padding_last_edited=&#8221;on|phone&#8221; module_class=&#8221;contacto&#8221; _builder_version=&#8221;3.5.1&#8243; background_color=&#8221;#b50e0c&#8221; background_size=&#8221;initial&#8221; background_position=&#8221;top_left&#8221; background_repeat=&#8221;repeat&#8221; border_color_top=&#8221;#B30C0C&#8221;][et_pb_column type=&#8221;4_4&#8243; _builder_version=&#8221;3.0.47&#8243; parallax=&#8221;off&#8221; parallax_method=&#8221;on&#8221;][et_pb_text _builder_version=&#8221;3.5.1&#8243; text_font=&#8221;||||||||&#8221; text_text_color=&#8221;#B30C0C&#8221; text_font_size=&#8221;18px&#8221; text_line_height=&#8221;1.9em&#8221; header_font=&#8221;||||||||&#8221; header_text_color=&#8221;#ffffff&#8221; header_2_font=&#8221;||||||||&#8221; header_2_text_color=&#8221;#ffffff&#8221; header_2_font_size=&#8221;40px&#8221; text_orientation=&#8221;center&#8221;]<\/p>\n<h2>\u00bfVienes?<\/h2>\n<p>[\/et_pb_text][\/et_pb_column][\/et_pb_row][et_pb_row make_fullwidth=&#8221;on&#8221; use_custom_gutter=&#8221;on&#8221; gutter_width=&#8221;4&#8243; custom_padding=&#8221;150px|0|150px|0|true|true&#8221; custom_margin=&#8221;|||&#8221; _builder_version=&#8221;3.5.1&#8243; background_size=&#8221;initial&#8221; background_position=&#8221;top_left&#8221; background_repeat=&#8221;repeat&#8221; border_color_top=&#8221;#B30C0C&#8221;][et_pb_column type=&#8221;1_3&#8243; _builder_version=&#8221;3.0.47&#8243; parallax=&#8221;off&#8221; parallax_method=&#8221;on&#8221;][et_pb_text _builder_version=&#8221;3.5.1&#8243; text_font=&#8221;||||||||&#8221; text_text_color=&#8221;#B30C0C&#8221; text_font_size=&#8221;18px&#8221; text_line_height=&#8221;1.9em&#8221; header_font=&#8221;||||||||&#8221; header_text_color=&#8221;#B30C0C&#8221; header_2_font=&#8221;||||||||&#8221; header_2_text_align=&#8221;right&#8221; header_2_text_color=&#8221;#B50E0C&#8221; text_orientation=&#8221;center&#8221;]<\/p>\n<h1>Reserva tu mesa:<\/h1>\n<p>[\/et_pb_text][\/et_pb_column][et_pb_column type=&#8221;2_3&#8243; _builder_version=&#8221;3.0.47&#8243; parallax=&#8221;off&#8221; parallax_method=&#8221;on&#8221;][et_pb_contact_form captcha=&#8221;off&#8221; submit_button_text=&#8221;Book Now&#8221; form_background_color=&#8221;rgba(0,0,0,0)&#8221; disabled_on=&#8221;on|off|off&#8221; module_id=&#8221;et_pb_contact_form_0&#8243; _builder_version=&#8221;3.5.1&#8243; title_font=&#8221;||||||||&#8221; form_field_font=&#8221;||||||||&#8221; form_field_text_color=&#8221;#B30C0C&#8221; form_field_font_size=&#8221;17px&#8221; border_width_all=&#8221;1px&#8221; border_color_all=&#8221;#B30C0C&#8221; custom_button=&#8221;on&#8221; button_text_color=&#8221;#ffffff&#8221; button_bg_color=&#8221;#B30C0C&#8221; button_font=&#8221;||||||||&#8221; custom_padding=&#8221;|||&#8221;][et_pb_contact_field field_id=&#8221;Dia&#8221; field_title=&#8221;\u00bfQ\u00fae d\u00eda?&#8221; _builder_version=&#8221;3.5.1&#8243; border_radii=&#8221;on||||&#8221;][\/et_pb_contact_field][et_pb_contact_field field_id=&#8221;Nombre&#8221; field_title=&#8221;Tu nombre&#8221; _builder_version=&#8221;3.5.1&#8243; border_radii=&#8221;on||||&#8221;][\/et_pb_contact_field][et_pb_contact_field field_id=&#8221;Hora&#8221; field_title=&#8221;\u00bfA qu\u00e9 hora?&#8221; _builder_version=&#8221;3.5.1&#8243; border_radii=&#8221;on||||&#8221;][\/et_pb_contact_field][et_pb_contact_field field_id=&#8221;Email&#8221; field_title=&#8221;Tu email&#8221; _builder_version=&#8221;3.5.1&#8243; border_radii=&#8221;on||||&#8221;][\/et_pb_contact_field][et_pb_contact_field field_id=&#8221;Personas&#8221; field_title=&#8221;\u00bfN\u00ba Personas?&#8221; _builder_version=&#8221;3.5.1&#8243; border_radii=&#8221;on||||&#8221;][\/et_pb_contact_field][et_pb_contact_field field_id=&#8221;Telefono&#8221; field_title=&#8221;Tu tel\u00e9fono&#8221; _builder_version=&#8221;3.5.1&#8243; form_field_font=&#8221;||||||||&#8221; border_radii=&#8221;on||||&#8221;][\/et_pb_contact_field][\/et_pb_contact_form][et_pb_contact_form captcha=&#8221;off&#8221; submit_button_text=&#8221;Book Now&#8221; form_background_color=&#8221;rgba(0,0,0,0)&#8221; disabled_on=&#8221;off|on|on&#8221; module_id=&#8221;et_pb_contact_form_0&#8243; _builder_version=&#8221;3.5.1&#8243; title_font=&#8221;||||||||&#8221; form_field_font=&#8221;||||||||&#8221; form_field_text_color=&#8221;#B30C0C&#8221; form_field_font_size=&#8221;17px&#8221; border_width_all=&#8221;1px&#8221; border_color_all=&#8221;#B30C0C&#8221; custom_button=&#8221;on&#8221; button_text_color=&#8221;#ffffff&#8221; button_bg_color=&#8221;#B30C0C&#8221; button_font=&#8221;||||||||&#8221; custom_padding=&#8221;|||&#8221;][et_pb_contact_field field_id=&#8221;Dia&#8221; field_title=&#8221;\u00bfQ\u00fae d\u00eda?&#8221; _builder_version=&#8221;3.5.1&#8243; border_radii=&#8221;on||||&#8221;][\/et_pb_contact_field][et_pb_contact_field field_id=&#8221;Hora&#8221; field_title=&#8221;\u00bfA qu\u00e9 hora?&#8221; _builder_version=&#8221;3.5.1&#8243; border_radii=&#8221;on||||&#8221;][\/et_pb_contact_field][et_pb_contact_field field_id=&#8221;Personas&#8221; field_title=&#8221;\u00bfN\u00ba Personas?&#8221; _builder_version=&#8221;3.5.1&#8243; border_radii=&#8221;on||||&#8221;][\/et_pb_contact_field][et_pb_contact_field field_id=&#8221;Nombre&#8221; field_title=&#8221;Tu nombre&#8221; _builder_version=&#8221;3.5.1&#8243; border_radii=&#8221;on||||&#8221;][\/et_pb_contact_field][et_pb_contact_field field_id=&#8221;Email&#8221; field_title=&#8221;Tu email&#8221; _builder_version=&#8221;3.5.1&#8243; border_radii=&#8221;on||||&#8221;][\/et_pb_contact_field][et_pb_contact_field field_id=&#8221;Telefono&#8221; field_title=&#8221;Tu tel\u00e9fono&#8221; _builder_version=&#8221;3.5.1&#8243; form_field_font=&#8221;||||||||&#8221; border_radii=&#8221;on||||&#8221;][\/et_pb_contact_field][\/et_pb_contact_form][\/et_pb_column][\/et_pb_row][et_pb_row make_fullwidth=&#8221;on&#8221; use_custom_gutter=&#8221;on&#8221; gutter_width=&#8221;1&#8243; custom_padding=&#8221;40px|200px|40px|200px|true|true&#8221; custom_padding_tablet=&#8221;|0px||0px&#8221; custom_padding_phone=&#8221;|20px||20px&#8221; custom_margin=&#8221;|||&#8221; custom_padding_last_edited=&#8221;on|phone&#8221; disabled_on=&#8221;on|off|off&#8221; _builder_version=&#8221;3.5.1&#8243; background_color=&#8221;#b50e0c&#8221; background_size=&#8221;initial&#8221; background_position=&#8221;top_left&#8221; background_repeat=&#8221;repeat&#8221; border_color_top=&#8221;#B30C0C&#8221;][et_pb_column type=&#8221;4_4&#8243; _builder_version=&#8221;3.0.47&#8243; parallax=&#8221;off&#8221; parallax_method=&#8221;on&#8221;][et_pb_text _builder_version=&#8221;3.5.1&#8243; text_font=&#8221;||||||||&#8221; text_text_color=&#8221;#ffffff&#8221; text_font_size=&#8221;27px&#8221; text_line_height=&#8221;1.9em&#8221; header_font=&#8221;||||||||&#8221; header_text_color=&#8221;#ffffff&#8221; header_2_font=&#8221;||||||||&#8221; header_2_text_color=&#8221;#ffffff&#8221; header_2_font_size=&#8221;40px&#8221; text_orientation=&#8221;center&#8221;]<\/p>\n<h2>HORARIO<\/h2>\n<p>Restaurant: 12:30 &#8211; 22:00 h<br \/>Snacks: 12:30 &#8211; 17:30 h<\/p>\n<p>[\/et_pb_text][\/et_pb_column][\/et_pb_row][et_pb_row make_fullwidth=&#8221;on&#8221; use_custom_gutter=&#8221;on&#8221; gutter_width=&#8221;1&#8243; custom_padding=&#8221;40px|200px|40px|200px|true|true&#8221; custom_padding_tablet=&#8221;|0px||0px&#8221; custom_padding_phone=&#8221;90px|20px|90px|20px|false|false&#8221; custom_margin=&#8221;|||&#8221; custom_padding_last_edited=&#8221;on|phone&#8221; disabled_on=&#8221;off|on|on&#8221; _builder_version=&#8221;3.5.1&#8243; background_color=&#8221;#b50e0c&#8221; background_size=&#8221;initial&#8221; background_position=&#8221;top_left&#8221; background_repeat=&#8221;repeat&#8221; border_color_top=&#8221;#B30C0C&#8221;][et_pb_column type=&#8221;4_4&#8243; _builder_version=&#8221;3.0.47&#8243; parallax=&#8221;off&#8221; parallax_method=&#8221;on&#8221;][et_pb_text _builder_version=&#8221;3.5.1&#8243; text_font=&#8221;||||||||&#8221; text_text_color=&#8221;#ffffff&#8221; text_font_size=&#8221;27px&#8221; text_line_height=&#8221;1.9em&#8221; header_font=&#8221;||||||||&#8221; header_text_color=&#8221;#ffffff&#8221; header_2_font=&#8221;||||||||&#8221; header_2_text_color=&#8221;#ffffff&#8221; header_2_font_size=&#8221;40px&#8221; text_orientation=&#8221;center&#8221; custom_padding=&#8221;|||&#8221;]<\/p>\n<h2>HORARIO<\/h2>\n<p>Restaurant: <br \/>12:30 &#8211; 22:00 h<\/p>\n<p>Snacks: <br \/>12:30 &#8211; 17:30 h<\/p>\n<p>[\/et_pb_text][\/et_pb_column][\/et_pb_row][et_pb_row custom_padding=&#8221;130px|40px|0|40px|false|false&#8221; custom_padding_phone=&#8221;|0px||0px&#8221; custom_margin=&#8221;|||&#8221; custom_padding_last_edited=&#8221;on|phone&#8221; module_id=&#8221;location&#8221; _builder_version=&#8221;3.5.1&#8243; background_size=&#8221;initial&#8221; background_position=&#8221;top_left&#8221; background_repeat=&#8221;repeat&#8221; border_color_top=&#8221;#B30C0C&#8221;][et_pb_column type=&#8221;4_4&#8243; _builder_version=&#8221;3.0.47&#8243; parallax=&#8221;off&#8221; parallax_method=&#8221;on&#8221;][et_pb_text _builder_version=&#8221;3.5.1&#8243; text_font=&#8221;||||||||&#8221; text_text_color=&#8221;#B30C0C&#8221; text_font_size=&#8221;18px&#8221; text_line_height=&#8221;1.9em&#8221; header_font=&#8221;||||||||&#8221; header_text_color=&#8221;#B30C0C&#8221; header_2_font=&#8221;||||||||&#8221; header_2_text_color=&#8221;#B30C0C&#8221; header_2_font_size=&#8221;37px&#8221; text_orientation=&#8221;center&#8221;]<\/p>\n<h2>D\u00d3NDE ESTAMOS<\/h2>\n<p>[\/et_pb_text][et_pb_text _builder_version=&#8221;3.5.1&#8243; text_font=&#8221;||||||||&#8221; text_text_color=&#8221;#B30C0C&#8221; text_font_size=&#8221;18px&#8221; text_line_height=&#8221;1.9em&#8221; header_font=&#8221;||||||||&#8221; header_text_color=&#8221;#B30C0C&#8221; header_3_font=&#8221;||||||||&#8221; header_3_text_color=&#8221;#B20C0C&#8221; header_3_font_size=&#8221;30px&#8221; text_orientation=&#8221;center&#8221; max_width=&#8221;85%&#8221; module_alignment=&#8221;center&#8221; custom_padding=&#8221;||2%|&#8221;]<\/p>\n<p>Ctra. Palma a Puerto Pollen\u00e7a 07460<br \/>Pollen\u00e7a &#8211; Mallorca t.<\/p>\n<p>[\/et_pb_text][\/et_pb_column][\/et_pb_row][et_pb_row custom_padding=&#8221;0|40px|41px|40px|false|false&#8221; custom_padding_phone=&#8221;|0px||0px&#8221; custom_margin=&#8221;|||&#8221; custom_padding_last_edited=&#8221;on|phone&#8221; _builder_version=&#8221;3.5.1&#8243; background_size=&#8221;initial&#8221; background_position=&#8221;top_left&#8221; background_repeat=&#8221;repeat&#8221; border_color_top=&#8221;#B30C0C&#8221;][et_pb_column type=&#8221;4_4&#8243; _builder_version=&#8221;3.0.47&#8243; parallax=&#8221;off&#8221; parallax_method=&#8221;on&#8221;][et_pb_text disabled_on=&#8221;on|on|off&#8221; _builder_version=&#8221;3.5.1&#8243; text_font=&#8221;||||||||&#8221; text_text_color=&#8221;#B30C0C&#8221; text_font_size=&#8221;18px&#8221; text_line_height=&#8221;1.9em&#8221; header_font=&#8221;||||||||&#8221; header_text_color=&#8221;#B30C0C&#8221; header_3_font=&#8221;||||||||&#8221; header_3_text_color=&#8221;#B20C0C&#8221; header_3_font_size=&#8221;30px&#8221; text_orientation=&#8221;center&#8221; max_width=&#8221;85%&#8221; module_alignment=&#8221;center&#8221; custom_padding=&#8221;||2%|&#8221;]<\/p>\n<h3>971 53 11 94 &#8211; 680 198 564\u00a0<\/h3>\n<p>[\/et_pb_text][et_pb_text disabled_on=&#8221;off|on|on&#8221; _builder_version=&#8221;3.5.1&#8243; text_font=&#8221;||||||||&#8221; text_text_color=&#8221;#B30C0C&#8221; text_font_size=&#8221;18px&#8221; text_line_height=&#8221;1.9em&#8221; header_font=&#8221;||||||||&#8221; header_text_color=&#8221;#B30C0C&#8221; header_3_font=&#8221;||||||||&#8221; header_3_text_color=&#8221;#B20C0C&#8221; header_3_font_size=&#8221;30px&#8221; text_orientation=&#8221;center&#8221; max_width=&#8221;85%&#8221; module_alignment=&#8221;center&#8221; custom_padding=&#8221;||2%|&#8221;]<\/p>\n<h3>971 53 11 94 <\/h3>\n<h3>680 198 564\u00a0<\/h3>\n<p>[\/et_pb_text][\/et_pb_column][\/et_pb_row][et_pb_row use_custom_width=&#8221;on&#8221; custom_width_px=&#8221;1263px&#8221; custom_padding=&#8221;0|0px|130px|0px|false|true&#8221; _builder_version=&#8221;3.5.1&#8243; background_size=&#8221;initial&#8221; background_position=&#8221;top_left&#8221; background_repeat=&#8221;repeat&#8221; border_color_top=&#8221;#B30C0C&#8221;][et_pb_column type=&#8221;4_4&#8243; _builder_version=&#8221;3.0.47&#8243; parallax=&#8221;off&#8221; parallax_method=&#8221;on&#8221;][et_pb_map address=&#8221;Ctra. Palma a Puerto Pollen\u00e7a, 198, 07470 Pollen\u00e7a, Illes Balears, Espa\u00f1a&#8221; address_lat=&#8221;39.9046927&#8243; address_lng=&#8221;3.0760607&#8243; mouse_wheel=&#8221;off&#8221; _builder_version=&#8221;3.5.1&#8243; custom_margin=&#8221;|||&#8221; custom_padding=&#8221;|||&#8221; custom_css_main_element=&#8221;height: 70% !important;&#8221;][et_pb_map_pin title=&#8221;PLACETA GARDEN&#8221; pin_address=&#8221;Ctra. Palma a Puerto Pollen\u00e7a, 198, 07470 Pollen\u00e7a, Illes Balears, Espa\u00f1a&#8221; pin_address_lat=&#8221;39.9046927&#8243; pin_address_lng=&#8221;3.0760607&#8243; _builder_version=&#8221;3.5.1&#8243;]Ctra. Palma a Puerto Pollen\u00e7a<br \/>07460 Pollen\u00e7a &#8211; Mallorca<br \/>t. 971 53 11 94 &#8211; 680 198 564[\/et_pb_map_pin][\/et_pb_map][\/et_pb_column][\/et_pb_row][\/et_pb_section]<\/p>\n","protected":false},"excerpt":{"rendered":"<p>UNA EXPOSICI\u00d3N \u00daNICA. Una interesante colecci\u00f3n de carruajes antiguos. Una magn\u00edfica oportunidad para admirar unas piezas \u00fanicas de un fabuloso valor art\u00edstico e hist\u00f3rico. TENEMOS HISTORIA Un recorrido de \u00e9poca para descubrir c\u00f3mo era el transporte antiguamente en Mallorca, mediante diferentes carruajes magn\u00edficamente conservados y restaurados. \u00bfVienes?Reserva tu mesa:HORARIO Restaurant: 12:30 &#8211; 22:00 hSnacks: 12:30 [&hellip;]<\/p>\n","protected":false},"author":1,"featured_media":0,"parent":0,"menu_order":0,"comment_status":"closed","ping_status":"closed","template":"","meta":{"_et_pb_use_builder":"on","_et_pb_old_content":"","_et_gb_content_width":"","inline_featured_image":false,"footnotes":""},"class_list":["post-818","page","type-page","status-publish","hentry"],"_links":{"self":[{"href":"https:\/\/placetagarden.com\/en\/wp-json\/wp\/v2\/pages\/818","targetHints":{"allow":["GET"]}}],"collection":[{"href":"https:\/\/placetagarden.com\/en\/wp-json\/wp\/v2\/pages"}],"about":[{"href":"https:\/\/placetagarden.com\/en\/wp-json\/wp\/v2\/types\/page"}],"author":[{"embeddable":true,"href":"https:\/\/placetagarden.com\/en\/wp-json\/wp\/v2\/users\/1"}],"replies":[{"embeddable":true,"href":"https:\/\/placetagarden.com\/en\/wp-json\/wp\/v2\/comments?post=818"}],"version-history":[{"count":6,"href":"https:\/\/placetagarden.com\/en\/wp-json\/wp\/v2\/pages\/818\/revisions"}],"predecessor-version":[{"id":1086,"href":"https:\/\/placetagarden.com\/en\/wp-json\/wp\/v2\/pages\/818\/revisions\/1086"}],"wp:attachment":[{"href":"https:\/\/placetagarden.com\/en\/wp-json\/wp\/v2\/media?parent=818"}],"curies":[{"name":"wp","href":"https:\/\/api.w.org\/{rel}","templated":true}]}}